{"id":2161,"date":"2022-07-11T16:40:27","date_gmt":"2022-07-11T19:40:27","guid":{"rendered":"https:\/\/safety4me.com\/?page_id=2161"},"modified":"2025-02-12T14:46:05","modified_gmt":"2025-02-12T17:46:05","slug":"links","status":"publish","type":"page","link":"https:\/\/safety4me.com\/us\/links\/","title":{"rendered":"Links"},"content":{"rendered":"<div data-elementor-type=\"wp-page\" data-elementor-id=\"2161\" class=\"elementor elementor-2161\" data-elementor-post-type=\"page\">\n\t\t\t\t\t\t<section data-particle_enable=\"false\" data-particle-mobile-disabled=\"false\" class=\"elementor-section elementor-top-section elementor-element elementor-element-2519bbd elementor-section-boxed elementor-section-height-default elementor-section-height-default\" data-id=\"2519bbd\" data-element_type=\"section\" data-e-type=\"section\">\n\t\t\t\t\t\t<div class=\"elementor-container elementor-column-gap-default\">\n\t\t\t\t\t<div class=\"elementor-column elementor-col-100 elementor-top-column elementor-element elementor-element-48e4091\" data-id=\"48e4091\" data-element_type=\"column\" data-e-type=\"column\">\n\t\t\t<div class=\"elementor-widget-wrap elementor-element-populated\">\n\t\t\t\t\t\t<div class=\"elementor-element elementor-element-2461a5a elementor-widget elementor-widget-image\" data-id=\"2461a5a\" data-element_type=\"widget\" data-e-type=\"widget\" data-widget_type=\"image.default\">\n\t\t\t\t<div class=\"elementor-widget-container\">\n\t\t\t\t\t\t\t\t\t\t\t\t\t\t\t<img fetchpriority=\"high\" decoding=\"async\" width=\"1298\" height=\"235\" src=\"https:\/\/safety4me.com\/wp-content\/uploads\/2022\/07\/Untitled-2-1.svg\" class=\"attachment-full size-full wp-image-2200\" alt=\"\" \/>\t\t\t\t\t\t\t\t\t\t\t\t\t\t\t<\/div>\n\t\t\t\t<\/div>\n\t\t\t\t\t<\/div>\n\t\t<\/div>\n\t\t\t\t\t<\/div>\n\t\t<\/section>\n\t\t\t\t<section data-particle_enable=\"false\" data-particle-mobile-disabled=\"false\" class=\"elementor-section elementor-top-section elementor-element elementor-element-3b075e7 elementor-section-boxed elementor-section-height-default elementor-section-height-default\" data-id=\"3b075e7\" data-element_type=\"section\" data-e-type=\"section\">\n\t\t\t\t\t\t<div class=\"elementor-container elementor-column-gap-default\">\n\t\t\t\t\t<div class=\"elementor-column elementor-col-33 elementor-top-column elementor-element elementor-element-607420e\" data-id=\"607420e\" data-element_type=\"column\" data-e-type=\"column\">\n\t\t\t<div class=\"elementor-widget-wrap\">\n\t\t\t\t\t\t\t<\/div>\n\t\t<\/div>\n\t\t\t\t<div class=\"elementor-column elementor-col-33 elementor-top-column elementor-element elementor-element-974955f\" data-id=\"974955f\" data-element_type=\"column\" data-e-type=\"column\">\n\t\t\t<div class=\"elementor-widget-wrap elementor-element-populated\">\n\t\t\t\t\t\t<div class=\"elementor-element elementor-element-41962d0 elementor-align-justify elementor-widget elementor-widget-button\" data-id=\"41962d0\" data-element_type=\"widget\" data-e-type=\"widget\" data-widget_type=\"button.default\">\n\t\t\t\t<div class=\"elementor-widget-container\">\n\t\t\t\t\t\t\t\t\t<div class=\"elementor-button-wrapper\">\n\t\t\t\t\t<a class=\"elementor-button elementor-button-link elementor-size-md\" href=\"https:\/\/safety4me.com\/us\/\" target=\"_blank\">\n\t\t\t\t\t\t<span class=\"elementor-button-content-wrapper\">\n\t\t\t\t\t\t<span class=\"elementor-button-icon\">\n\t\t\t\t<i aria-hidden=\"true\" class=\"fab fa-chrome\"><\/i>\t\t\t<\/span>\n\t\t\t\t\t\t\t\t\t<span class=\"elementor-button-text\">Site<\/span>\n\t\t\t\t\t<\/span>\n\t\t\t\t\t<\/a>\n\t\t\t\t<\/div>\n\t\t\t\t\t\t\t\t<\/div>\n\t\t\t\t<\/div>\n\t\t\t\t<div class=\"elementor-element elementor-element-10bc7aa elementor-align-justify elementor-widget elementor-widget-button\" data-id=\"10bc7aa\" data-element_type=\"widget\" data-e-type=\"widget\" data-widget_type=\"button.default\">\n\t\t\t\t<div class=\"elementor-widget-container\">\n\t\t\t\t\t\t\t\t\t<div class=\"elementor-button-wrapper\">\n\t\t\t\t\t<a class=\"elementor-button elementor-button-link elementor-size-md\" href=\"https:\/\/bit.ly\/IVJornadaSAFETY4ME24\" target=\"_blank\">\n\t\t\t\t\t\t<span class=\"elementor-button-content-wrapper\">\n\t\t\t\t\t\t\t\t\t<span class=\"elementor-button-text\">IV jornada Internacional Safety4me<\/span>\n\t\t\t\t\t<\/span>\n\t\t\t\t\t<\/a>\n\t\t\t\t<\/div>\n\t\t\t\t\t\t\t\t<\/div>\n\t\t\t\t<\/div>\n\t\t\t\t<div class=\"elementor-element elementor-element-0885615 elementor-align-justify elementor-widget elementor-widget-button\" data-id=\"0885615\" data-element_type=\"widget\" data-e-type=\"widget\" data-widget_type=\"button.default\">\n\t\t\t\t<div class=\"elementor-widget-container\">\n\t\t\t\t\t\t\t\t\t<div class=\"elementor-button-wrapper\">\n\t\t\t\t\t<a class=\"elementor-button elementor-button-link elementor-size-md\" href=\"https:\/\/www.youtube.com\/playlist?list=PLfRBcypqVvfBxUI9J_w9edaXe3zdULgU5\" target=\"_blank\">\n\t\t\t\t\t\t<span class=\"elementor-button-content-wrapper\">\n\t\t\t\t\t\t<span class=\"elementor-button-icon\">\n\t\t\t\t<i aria-hidden=\"true\" class=\"fab fa-youtube\"><\/i>\t\t\t<\/span>\n\t\t\t\t\t\t\t\t\t<span class=\"elementor-button-text\">Veja como foi<\/span>\n\t\t\t\t\t<\/span>\n\t\t\t\t\t<\/a>\n\t\t\t\t<\/div>\n\t\t\t\t\t\t\t\t<\/div>\n\t\t\t\t<\/div>\n\t\t\t\t<div class=\"elementor-element elementor-element-8a78961 elementor-align-justify elementor-widget elementor-widget-button\" data-id=\"8a78961\" data-element_type=\"widget\" data-e-type=\"widget\" data-widget_type=\"button.default\">\n\t\t\t\t<div class=\"elementor-widget-container\">\n\t\t\t\t\t\t\t\t\t<div class=\"elementor-button-wrapper\">\n\t\t\t\t\t<a class=\"elementor-button elementor-button-link elementor-size-md\" href=\"https:\/\/patientsafetyindex.com.br\/\" target=\"_blank\">\n\t\t\t\t\t\t<span class=\"elementor-button-content-wrapper\">\n\t\t\t\t\t\t\t\t\t<span class=\"elementor-button-text\">NPS-S e IPSP<\/span>\n\t\t\t\t\t<\/span>\n\t\t\t\t\t<\/a>\n\t\t\t\t<\/div>\n\t\t\t\t\t\t\t\t<\/div>\n\t\t\t\t<\/div>\n\t\t\t\t<div class=\"elementor-element elementor-element-f53a69b elementor-align-justify elementor-widget elementor-widget-button\" data-id=\"f53a69b\" data-element_type=\"widget\" data-e-type=\"widget\" data-widget_type=\"button.default\">\n\t\t\t\t<div class=\"elementor-widget-container\">\n\t\t\t\t\t\t\t\t\t<div class=\"elementor-button-wrapper\">\n\t\t\t\t\t<a class=\"elementor-button elementor-button-link elementor-size-md\" href=\"https:\/\/www.youtube.com\/channel\/UCoQ77ElnHaPQ4JdoeBoPdDw\" target=\"_blank\">\n\t\t\t\t\t\t<span class=\"elementor-button-content-wrapper\">\n\t\t\t\t\t\t<span class=\"elementor-button-icon\">\n\t\t\t\t<i aria-hidden=\"true\" class=\"fab fa-youtube\"><\/i>\t\t\t<\/span>\n\t\t\t\t\t\t\t\t\t<span class=\"elementor-button-text\">Canal do Youtube<\/span>\n\t\t\t\t\t<\/span>\n\t\t\t\t\t<\/a>\n\t\t\t\t<\/div>\n\t\t\t\t\t\t\t\t<\/div>\n\t\t\t\t<\/div>\n\t\t\t\t<div class=\"elementor-element elementor-element-09d9639 elementor-align-justify elementor-widget elementor-widget-button\" data-id=\"09d9639\" data-element_type=\"widget\" data-e-type=\"widget\" data-widget_type=\"button.default\">\n\t\t\t\t<div class=\"elementor-widget-container\">\n\t\t\t\t\t\t\t\t\t<div class=\"elementor-button-wrapper\">\n\t\t\t\t\t<a class=\"elementor-button elementor-button-link elementor-size-md\" href=\"https:\/\/www.who.int\/pt\/publications\/m\/item\/global-plan-for-the-decade-of-action-for-road-safety-2021-2030\" target=\"_blank\">\n\t\t\t\t\t\t<span class=\"elementor-button-content-wrapper\">\n\t\t\t\t\t\t<span class=\"elementor-button-icon\">\n\t\t\t\t<i aria-hidden=\"true\" class=\"fab fa-chrome\"><\/i>\t\t\t<\/span>\n\t\t\t\t\t\t\t\t\t<span class=\"elementor-button-text\">Plano Global - D\u00e9cada de A\u00e7\u00e3o pela seguran\u00e7a no Tr\u00e2nsito 2021-2030<\/span>\n\t\t\t\t\t<\/span>\n\t\t\t\t\t<\/a>\n\t\t\t\t<\/div>\n\t\t\t\t\t\t\t\t<\/div>\n\t\t\t\t<\/div>\n\t\t\t\t\t<\/div>\n\t\t<\/div>\n\t\t\t\t<div class=\"elementor-column elementor-col-33 elementor-top-column elementor-element elementor-element-bd96b9d\" data-id=\"bd96b9d\" data-element_type=\"column\" data-e-type=\"column\">\n\t\t\t<div class=\"elementor-widget-wrap\">\n\t\t\t\t\t\t\t<\/div>\n\t\t<\/div>\n\t\t\t\t\t<\/div>\n\t\t<\/section>\n\t\t\t\t<\/div>","protected":false},"excerpt":{"rendered":"<p>Site IV jornada Internacional Safety4me Veja como foi NPS-S e IPSP Canal do Youtube Plano Global &#8211; D\u00e9cada de A\u00e7\u00e3o pela seguran\u00e7a no Tr\u00e2nsito 2021-2030<\/p>","protected":false},"author":3,"featured_media":0,"parent":0,"menu_order":0,"comment_status":"closed","ping_status":"closed","template":"elementor_header_footer","meta":{"footnotes":""},"class_list":["post-2161","page","type-page","status-publish","hentry"],"yoast_head":"<!-- This site is optimized with the Yoast SEO plugin v27.5 - https:\/\/yoast.com\/product\/yoast-seo-wordpress\/ -->\n<title>Links - Safety4Me<\/title>\n<meta name=\"robots\" content=\"index, follow, max-snippet:-1, max-image-preview:large, max-video-preview:-1\" \/>\n<link rel=\"canonical\" href=\"https:\/\/safety4me.com\/us\/links\/\" \/>\n<meta property=\"og:locale\" content=\"en_US\" \/>\n<meta property=\"og:type\" content=\"article\" \/>\n<meta property=\"og:title\" content=\"Links - Safety4Me\" \/>\n<meta property=\"og:description\" content=\"Site IV jornada Internacional Safety4me Veja como foi NPS-S e IPSP Canal do Youtube Plano Global &#8211; D\u00e9cada de A\u00e7\u00e3o pela seguran\u00e7a no Tr\u00e2nsito 2021-2030\" \/>\n<meta property=\"og:url\" content=\"https:\/\/safety4me.com\/us\/links\/\" \/>\n<meta property=\"og:site_name\" content=\"Safety4Me\" \/>\n<meta property=\"article:modified_time\" content=\"2025-02-12T17:46:05+00:00\" \/>\n<meta name=\"twitter:card\" content=\"summary_large_image\" \/>\n<meta name=\"twitter:label1\" content=\"Est. reading time\" \/>\n\t<meta name=\"twitter:data1\" content=\"1 minute\" \/>\n<script type=\"application\/ld+json\" class=\"yoast-schema-graph\">{\"@context\":\"https:\\\/\\\/schema.org\",\"@graph\":[{\"@type\":\"WebPage\",\"@id\":\"https:\\\/\\\/safety4me.com\\\/links\\\/\",\"url\":\"https:\\\/\\\/safety4me.com\\\/links\\\/\",\"name\":\"Links - Safety4Me\",\"isPartOf\":{\"@id\":\"https:\\\/\\\/safety4me.com\\\/en\\\/#website\"},\"primaryImageOfPage\":{\"@id\":\"https:\\\/\\\/safety4me.com\\\/links\\\/#primaryimage\"},\"image\":{\"@id\":\"https:\\\/\\\/safety4me.com\\\/links\\\/#primaryimage\"},\"thumbnailUrl\":\"https:\\\/\\\/safety4me.com\\\/wp-content\\\/uploads\\\/2022\\\/07\\\/Untitled-2-1.svg\",\"datePublished\":\"2022-07-11T19:40:27+00:00\",\"dateModified\":\"2025-02-12T17:46:05+00:00\",\"breadcrumb\":{\"@id\":\"https:\\\/\\\/safety4me.com\\\/links\\\/#breadcrumb\"},\"inLanguage\":\"en-US\",\"potentialAction\":[{\"@type\":\"ReadAction\",\"target\":[\"https:\\\/\\\/safety4me.com\\\/links\\\/\"]}]},{\"@type\":\"ImageObject\",\"inLanguage\":\"en-US\",\"@id\":\"https:\\\/\\\/safety4me.com\\\/links\\\/#primaryimage\",\"url\":\"https:\\\/\\\/safety4me.com\\\/wp-content\\\/uploads\\\/2022\\\/07\\\/Untitled-2-1.svg\",\"contentUrl\":\"https:\\\/\\\/safety4me.com\\\/wp-content\\\/uploads\\\/2022\\\/07\\\/Untitled-2-1.svg\"},{\"@type\":\"BreadcrumbList\",\"@id\":\"https:\\\/\\\/safety4me.com\\\/links\\\/#breadcrumb\",\"itemListElement\":[{\"@type\":\"ListItem\",\"position\":1,\"name\":\"Home\",\"item\":\"https:\\\/\\\/safety4me.com\\\/\"},{\"@type\":\"ListItem\",\"position\":2,\"name\":\"Links\"}]},{\"@type\":\"WebSite\",\"@id\":\"https:\\\/\\\/safety4me.com\\\/en\\\/#website\",\"url\":\"https:\\\/\\\/safety4me.com\\\/en\\\/\",\"name\":\"Safety4Me\",\"description\":\"Ouvir pacientes para transformar o cuidado\",\"publisher\":{\"@id\":\"https:\\\/\\\/safety4me.com\\\/en\\\/#organization\"},\"potentialAction\":[{\"@type\":\"SearchAction\",\"target\":{\"@type\":\"EntryPoint\",\"urlTemplate\":\"https:\\\/\\\/safety4me.com\\\/en\\\/?s={search_term_string}\"},\"query-input\":{\"@type\":\"PropertyValueSpecification\",\"valueRequired\":true,\"valueName\":\"search_term_string\"}}],\"inLanguage\":\"en-US\"},{\"@type\":\"Organization\",\"@id\":\"https:\\\/\\\/safety4me.com\\\/en\\\/#organization\",\"name\":\"Safety4Me\",\"url\":\"https:\\\/\\\/safety4me.com\\\/en\\\/\",\"logo\":{\"@type\":\"ImageObject\",\"inLanguage\":\"en-US\",\"@id\":\"https:\\\/\\\/safety4me.com\\\/en\\\/#\\\/schema\\\/logo\\\/image\\\/\",\"url\":\"https:\\\/\\\/safety4me.com\\\/wp-content\\\/uploads\\\/2021\\\/12\\\/Untitled-2.svg\",\"contentUrl\":\"https:\\\/\\\/safety4me.com\\\/wp-content\\\/uploads\\\/2021\\\/12\\\/Untitled-2.svg\",\"width\":1298,\"height\":235,\"caption\":\"Safety4Me\"},\"image\":{\"@id\":\"https:\\\/\\\/safety4me.com\\\/en\\\/#\\\/schema\\\/logo\\\/image\\\/\"},\"sameAs\":[\"https:\\\/\\\/www.instagram.com\\\/safety4me\\\/?hl=en\",\"https:\\\/\\\/www.linkedin.com\\\/company\\\/safety4me?originalSubdomain=br\"]}]}<\/script>\n<!-- \/ Yoast SEO plugin. -->","yoast_head_json":{"title":"Links - Safety4Me","robots":{"index":"index","follow":"follow","max-snippet":"max-snippet:-1","max-image-preview":"max-image-preview:large","max-video-preview":"max-video-preview:-1"},"canonical":"https:\/\/safety4me.com\/us\/links\/","og_locale":"en_US","og_type":"article","og_title":"Links - Safety4Me","og_description":"Site IV jornada Internacional Safety4me Veja como foi NPS-S e IPSP Canal do Youtube Plano Global &#8211; D\u00e9cada de A\u00e7\u00e3o pela seguran\u00e7a no Tr\u00e2nsito 2021-2030","og_url":"https:\/\/safety4me.com\/us\/links\/","og_site_name":"Safety4Me","article_modified_time":"2025-02-12T17:46:05+00:00","twitter_card":"summary_large_image","twitter_misc":{"Est. reading time":"1 minute"},"schema":{"@context":"https:\/\/schema.org","@graph":[{"@type":"WebPage","@id":"https:\/\/safety4me.com\/links\/","url":"https:\/\/safety4me.com\/links\/","name":"Links - Safety4Me","isPartOf":{"@id":"https:\/\/safety4me.com\/en\/#website"},"primaryImageOfPage":{"@id":"https:\/\/safety4me.com\/links\/#primaryimage"},"image":{"@id":"https:\/\/safety4me.com\/links\/#primaryimage"},"thumbnailUrl":"https:\/\/safety4me.com\/wp-content\/uploads\/2022\/07\/Untitled-2-1.svg","datePublished":"2022-07-11T19:40:27+00:00","dateModified":"2025-02-12T17:46:05+00:00","breadcrumb":{"@id":"https:\/\/safety4me.com\/links\/#breadcrumb"},"inLanguage":"en-US","potentialAction":[{"@type":"ReadAction","target":["https:\/\/safety4me.com\/links\/"]}]},{"@type":"ImageObject","inLanguage":"en-US","@id":"https:\/\/safety4me.com\/links\/#primaryimage","url":"https:\/\/safety4me.com\/wp-content\/uploads\/2022\/07\/Untitled-2-1.svg","contentUrl":"https:\/\/safety4me.com\/wp-content\/uploads\/2022\/07\/Untitled-2-1.svg"},{"@type":"BreadcrumbList","@id":"https:\/\/safety4me.com\/links\/#breadcrumb","itemListElement":[{"@type":"ListItem","position":1,"name":"Home","item":"https:\/\/safety4me.com\/"},{"@type":"ListItem","position":2,"name":"Links"}]},{"@type":"WebSite","@id":"https:\/\/safety4me.com\/en\/#website","url":"https:\/\/safety4me.com\/en\/","name":"Safety4Me","description":"Ouvir pacientes para transformar o cuidado","publisher":{"@id":"https:\/\/safety4me.com\/en\/#organization"},"potentialAction":[{"@type":"SearchAction","target":{"@type":"EntryPoint","urlTemplate":"https:\/\/safety4me.com\/en\/?s={search_term_string}"},"query-input":{"@type":"PropertyValueSpecification","valueRequired":true,"valueName":"search_term_string"}}],"inLanguage":"en-US"},{"@type":"Organization","@id":"https:\/\/safety4me.com\/en\/#organization","name":"Safety4Me","url":"https:\/\/safety4me.com\/en\/","logo":{"@type":"ImageObject","inLanguage":"en-US","@id":"https:\/\/safety4me.com\/en\/#\/schema\/logo\/image\/","url":"https:\/\/safety4me.com\/wp-content\/uploads\/2021\/12\/Untitled-2.svg","contentUrl":"https:\/\/safety4me.com\/wp-content\/uploads\/2021\/12\/Untitled-2.svg","width":1298,"height":235,"caption":"Safety4Me"},"image":{"@id":"https:\/\/safety4me.com\/en\/#\/schema\/logo\/image\/"},"sameAs":["https:\/\/www.instagram.com\/safety4me\/?hl=en","https:\/\/www.linkedin.com\/company\/safety4me?originalSubdomain=br"]}]}},"_links":{"self":[{"href":"https:\/\/safety4me.com\/us\/wp-json\/wp\/v2\/pages\/2161","targetHints":{"allow":["GET"]}}],"collection":[{"href":"https:\/\/safety4me.com\/us\/wp-json\/wp\/v2\/pages"}],"about":[{"href":"https:\/\/safety4me.com\/us\/wp-json\/wp\/v2\/types\/page"}],"author":[{"embeddable":true,"href":"https:\/\/safety4me.com\/us\/wp-json\/wp\/v2\/users\/3"}],"replies":[{"embeddable":true,"href":"https:\/\/safety4me.com\/us\/wp-json\/wp\/v2\/comments?post=2161"}],"version-history":[{"count":112,"href":"https:\/\/safety4me.com\/us\/wp-json\/wp\/v2\/pages\/2161\/revisions"}],"predecessor-version":[{"id":3732,"href":"https:\/\/safety4me.com\/us\/wp-json\/wp\/v2\/pages\/2161\/revisions\/3732"}],"wp:attachment":[{"href":"https:\/\/safety4me.com\/us\/wp-json\/wp\/v2\/media?parent=2161"}],"curies":[{"name":"wp","href":"https:\/\/api.w.org\/{rel}","templated":true}]}}