{"id":2717,"date":"2023-04-06T09:12:18","date_gmt":"2023-04-06T12:12:18","guid":{"rendered":"https:\/\/safety4me.com\/?page_id=2717"},"modified":"2023-04-06T09:19:36","modified_gmt":"2023-04-06T12:19:36","slug":"voce-sabe-o-que-e-seguranca-do-paciente","status":"publish","type":"page","link":"https:\/\/safety4me.com\/us\/voce-sabe-o-que-e-seguranca-do-paciente\/","title":{"rendered":"Voc\u00ea sabe o que \u00e9 Seguran\u00e7a do Paciente?"},"content":{"rendered":"<div data-elementor-type=\"wp-page\" data-elementor-id=\"2717\" class=\"elementor elementor-2717\" data-elementor-post-type=\"page\">\n\t\t\t\t\t\t<section data-particle_enable=\"false\" data-particle-mobile-disabled=\"false\" class=\"elementor-section elementor-top-section elementor-element elementor-element-dfa1cdd elementor-section-boxed elementor-section-height-default elementor-section-height-default\" data-id=\"dfa1cdd\" data-element_type=\"section\" data-e-type=\"section\" id=\"pacientes\" data-settings=\"{&quot;background_background&quot;:&quot;classic&quot;}\">\n\t\t\t\t\t\t<div class=\"elementor-container elementor-column-gap-default\">\n\t\t\t\t\t<div class=\"elementor-column elementor-col-100 elementor-top-column elementor-element elementor-element-5c78430\" data-id=\"5c78430\" data-element_type=\"column\" data-e-type=\"column\" data-settings=\"{&quot;background_background&quot;:&quot;classic&quot;}\">\n\t\t\t<div class=\"elementor-widget-wrap elementor-element-populated\">\n\t\t\t\t\t\t<div class=\"elementor-element elementor-element-05052f1 elementor-widget elementor-widget-image\" data-id=\"05052f1\" data-element_type=\"widget\" data-e-type=\"widget\" data-widget_type=\"image.default\">\n\t\t\t\t<div class=\"elementor-widget-container\">\n\t\t\t\t\t\t\t\t\t\t\t\t\t\t\t<img fetchpriority=\"high\" decoding=\"async\" width=\"800\" height=\"170\" src=\"https:\/\/safety4me.com\/wp-content\/uploads\/2021\/12\/Paciente-Seguro-1024x218.jpg\" class=\"attachment-large size-large wp-image-428\" alt=\"\" srcset=\"https:\/\/safety4me.com\/wp-content\/uploads\/2021\/12\/Paciente-Seguro-1024x218.jpg 1024w, https:\/\/safety4me.com\/wp-content\/uploads\/2021\/12\/Paciente-Seguro-300x64.jpg 300w, https:\/\/safety4me.com\/wp-content\/uploads\/2021\/12\/Paciente-Seguro-768x163.jpg 768w, https:\/\/safety4me.com\/wp-content\/uploads\/2021\/12\/Paciente-Seguro-1536x326.jpg 1536w, https:\/\/safety4me.com\/wp-content\/uploads\/2021\/12\/Paciente-Seguro.jpg 1600w\" sizes=\"(max-width: 800px) 100vw, 800px\" \/>\t\t\t\t\t\t\t\t\t\t\t\t\t\t\t<\/div>\n\t\t\t\t<\/div>\n\t\t\t\t<div class=\"elementor-element elementor-element-3a44aa8 elementor-widget elementor-widget-heading\" data-id=\"3a44aa8\" data-element_type=\"widget\" data-e-type=\"widget\" data-widget_type=\"heading.default\">\n\t\t\t\t<div class=\"elementor-widget-container\">\n\t\t\t\t\t<h2 class=\"elementor-heading-title elementor-size-default\">Voc\u00ea sabe o que \u00e9 Seguran\u00e7a do Paciente?<\/h2>\t\t\t\t<\/div>\n\t\t\t\t<\/div>\n\t\t\t\t<div class=\"elementor-element elementor-element-1b8688f elementor-widget elementor-widget-text-editor\" data-id=\"1b8688f\" data-element_type=\"widget\" data-e-type=\"widget\" data-widget_type=\"text-editor.default\">\n\t\t\t\t<div class=\"elementor-widget-container\">\n\t\t\t\t\t\t\t\t\t<p>Segundo a Organiza\u00e7\u00e3o Mundial da Sa\u00fade, seguran\u00e7a do paciente \u00e9 a \u201credu\u00e7\u00e3o de riscos de danos desnecess\u00e1rios, associados a assist\u00eancia em sa\u00fade at\u00e9 um m\u00ednimo aceit\u00e1vel\u201d.<\/p><p>Seguran\u00e7a do paciente refere-se \u00e0 preven\u00e7\u00e3o de erros, les\u00f5es e danos aos pacientes durante a presta\u00e7\u00e3o de servi\u00e7os de sa\u00fade. Isso inclui medidas para prevenir infec\u00e7\u00f5es hospitalares, evitar a administra\u00e7\u00e3o errada de medicamentos, garantir a identifica\u00e7\u00e3o adequada do paciente, reduzir os riscos de queda e prevenir outras complica\u00e7\u00f5es relacionadas ao tratamento.<\/p><p>A seguran\u00e7a do paciente \u00e9 uma preocupa\u00e7\u00e3o importante em todas as \u00e1reas da sa\u00fade, incluindo hospitais, cl\u00ednicas, consult\u00f3rios m\u00e9dicos, farm\u00e1cias, laborat\u00f3rios e outras instala\u00e7\u00f5es de sa\u00fade. A melhoria da seguran\u00e7a do paciente envolve a implementa\u00e7\u00e3o de medidas para prevenir erros e melhorar a comunica\u00e7\u00e3o entre os membros da equipe de sa\u00fade, al\u00e9m de promover uma cultura de seguran\u00e7a do paciente em todo o sistema de sa\u00fade.<\/p>\t\t\t\t\t\t\t\t<\/div>\n\t\t\t\t<\/div>\n\t\t\t\t\t<\/div>\n\t\t<\/div>\n\t\t\t\t\t<\/div>\n\t\t<\/section>\n\t\t\t\t<\/div>","protected":false},"excerpt":{"rendered":"<p>Voc\u00ea sabe o que \u00e9 Seguran\u00e7a do Paciente? Segundo a Organiza\u00e7\u00e3o Mundial da Sa\u00fade, seguran\u00e7a do paciente \u00e9 a \u201credu\u00e7\u00e3o de riscos de danos desnecess\u00e1rios, associados a assist\u00eancia em sa\u00fade at\u00e9 um m\u00ednimo aceit\u00e1vel\u201d. Seguran\u00e7a do paciente refere-se \u00e0 preven\u00e7\u00e3o de erros, les\u00f5es e danos aos pacientes durante a presta\u00e7\u00e3o de servi\u00e7os de sa\u00fade. Isso [&hellip;]<\/p>","protected":false},"author":3,"featured_media":488,"parent":0,"menu_order":0,"comment_status":"closed","ping_status":"closed","template":"elementor_header_footer","meta":{"footnotes":""},"class_list":["post-2717","page","type-page","status-publish","has-post-thumbnail","hentry"],"yoast_head":"<!-- This site is optimized with the Yoast SEO plugin v27.4 - https:\/\/yoast.com\/product\/yoast-seo-wordpress\/ -->\n<title>Safety4Me - Ouvir pacientes para transformar o cuidado<\/title>\n<meta name=\"robots\" content=\"index, follow, max-snippet:-1, max-image-preview:large, max-video-preview:-1\" \/>\n<link rel=\"canonical\" href=\"https:\/\/safety4me.com\/us\/voce-sabe-o-que-e-seguranca-do-paciente\/\" \/>\n<meta property=\"og:locale\" content=\"en_US\" \/>\n<meta property=\"og:type\" content=\"article\" \/>\n<meta property=\"og:title\" content=\"Safety4Me - Ouvir pacientes para transformar o cuidado\" \/>\n<meta property=\"og:description\" content=\"Voc\u00ea sabe o que \u00e9 Seguran\u00e7a do Paciente? Segundo a Organiza\u00e7\u00e3o Mundial da Sa\u00fade, seguran\u00e7a do paciente \u00e9 a \u201credu\u00e7\u00e3o de riscos de danos desnecess\u00e1rios, associados a assist\u00eancia em sa\u00fade at\u00e9 um m\u00ednimo aceit\u00e1vel\u201d. Seguran\u00e7a do paciente refere-se \u00e0 preven\u00e7\u00e3o de erros, les\u00f5es e danos aos pacientes durante a presta\u00e7\u00e3o de servi\u00e7os de sa\u00fade. Isso [&hellip;]\" \/>\n<meta property=\"og:url\" content=\"https:\/\/safety4me.com\/us\/voce-sabe-o-que-e-seguranca-do-paciente\/\" \/>\n<meta property=\"og:site_name\" content=\"Safety4Me\" \/>\n<meta property=\"article:modified_time\" content=\"2023-04-06T12:19:36+00:00\" \/>\n<meta property=\"og:image\" content=\"https:\/\/safety4me.com\/wp-content\/uploads\/2021\/12\/Mortes-por-ano-na-instituicoes-de-saude.jpg\" \/>\n\t<meta property=\"og:image:width\" content=\"1600\" \/>\n\t<meta property=\"og:image:height\" content=\"340\" \/>\n\t<meta property=\"og:image:type\" content=\"image\/jpeg\" \/>\n<meta name=\"twitter:card\" content=\"summary_large_image\" \/>\n<meta name=\"twitter:label1\" content=\"Est. reading time\" \/>\n\t<meta name=\"twitter:data1\" content=\"2 minutes\" \/>\n<script type=\"application\/ld+json\" class=\"yoast-schema-graph\">{\"@context\":\"https:\\\/\\\/schema.org\",\"@graph\":[{\"@type\":\"WebPage\",\"@id\":\"https:\\\/\\\/safety4me.com\\\/voce-sabe-o-que-e-seguranca-do-paciente\\\/\",\"url\":\"https:\\\/\\\/safety4me.com\\\/voce-sabe-o-que-e-seguranca-do-paciente\\\/\",\"name\":\"Safety4Me - Ouvir pacientes para transformar o cuidado\",\"isPartOf\":{\"@id\":\"https:\\\/\\\/safety4me.com\\\/en\\\/#website\"},\"primaryImageOfPage\":{\"@id\":\"https:\\\/\\\/safety4me.com\\\/voce-sabe-o-que-e-seguranca-do-paciente\\\/#primaryimage\"},\"image\":{\"@id\":\"https:\\\/\\\/safety4me.com\\\/voce-sabe-o-que-e-seguranca-do-paciente\\\/#primaryimage\"},\"thumbnailUrl\":\"https:\\\/\\\/safety4me.com\\\/wp-content\\\/uploads\\\/2020\\\/08\\\/Favicon.png\",\"datePublished\":\"2023-04-06T12:12:18+00:00\",\"dateModified\":\"2023-04-06T12:19:36+00:00\",\"breadcrumb\":{\"@id\":\"https:\\\/\\\/safety4me.com\\\/voce-sabe-o-que-e-seguranca-do-paciente\\\/#breadcrumb\"},\"inLanguage\":\"en-US\",\"potentialAction\":[{\"@type\":\"ReadAction\",\"target\":[\"https:\\\/\\\/safety4me.com\\\/voce-sabe-o-que-e-seguranca-do-paciente\\\/\"]}]},{\"@type\":\"ImageObject\",\"inLanguage\":\"en-US\",\"@id\":\"https:\\\/\\\/safety4me.com\\\/voce-sabe-o-que-e-seguranca-do-paciente\\\/#primaryimage\",\"url\":\"https:\\\/\\\/safety4me.com\\\/wp-content\\\/uploads\\\/2020\\\/08\\\/Favicon.png\",\"contentUrl\":\"https:\\\/\\\/safety4me.com\\\/wp-content\\\/uploads\\\/2020\\\/08\\\/Favicon.png\",\"width\":512,\"height\":512},{\"@type\":\"BreadcrumbList\",\"@id\":\"https:\\\/\\\/safety4me.com\\\/voce-sabe-o-que-e-seguranca-do-paciente\\\/#breadcrumb\",\"itemListElement\":[{\"@type\":\"ListItem\",\"position\":1,\"name\":\"Home\",\"item\":\"https:\\\/\\\/safety4me.com\\\/\"},{\"@type\":\"ListItem\",\"position\":2,\"name\":\"Voc\u00ea sabe o que \u00e9 Seguran\u00e7a do Paciente?\"}]},{\"@type\":\"WebSite\",\"@id\":\"https:\\\/\\\/safety4me.com\\\/en\\\/#website\",\"url\":\"https:\\\/\\\/safety4me.com\\\/en\\\/\",\"name\":\"Safety4Me\",\"description\":\"Ouvir pacientes para transformar o cuidado\",\"publisher\":{\"@id\":\"https:\\\/\\\/safety4me.com\\\/en\\\/#organization\"},\"potentialAction\":[{\"@type\":\"SearchAction\",\"target\":{\"@type\":\"EntryPoint\",\"urlTemplate\":\"https:\\\/\\\/safety4me.com\\\/en\\\/?s={search_term_string}\"},\"query-input\":{\"@type\":\"PropertyValueSpecification\",\"valueRequired\":true,\"valueName\":\"search_term_string\"}}],\"inLanguage\":\"en-US\"},{\"@type\":\"Organization\",\"@id\":\"https:\\\/\\\/safety4me.com\\\/en\\\/#organization\",\"name\":\"Safety4Me\",\"url\":\"https:\\\/\\\/safety4me.com\\\/en\\\/\",\"logo\":{\"@type\":\"ImageObject\",\"inLanguage\":\"en-US\",\"@id\":\"https:\\\/\\\/safety4me.com\\\/en\\\/#\\\/schema\\\/logo\\\/image\\\/\",\"url\":\"https:\\\/\\\/safety4me.com\\\/wp-content\\\/uploads\\\/2021\\\/12\\\/Untitled-2.svg\",\"contentUrl\":\"https:\\\/\\\/safety4me.com\\\/wp-content\\\/uploads\\\/2021\\\/12\\\/Untitled-2.svg\",\"width\":1298,\"height\":235,\"caption\":\"Safety4Me\"},\"image\":{\"@id\":\"https:\\\/\\\/safety4me.com\\\/en\\\/#\\\/schema\\\/logo\\\/image\\\/\"},\"sameAs\":[\"https:\\\/\\\/www.instagram.com\\\/safety4me\\\/?hl=en\",\"https:\\\/\\\/www.linkedin.com\\\/company\\\/safety4me?originalSubdomain=br\"]}]}<\/script>\n<!-- \/ Yoast SEO plugin. -->","yoast_head_json":{"title":"Safety4Me - Ouvir pacientes para transformar o cuidado","robots":{"index":"index","follow":"follow","max-snippet":"max-snippet:-1","max-image-preview":"max-image-preview:large","max-video-preview":"max-video-preview:-1"},"canonical":"https:\/\/safety4me.com\/us\/voce-sabe-o-que-e-seguranca-do-paciente\/","og_locale":"en_US","og_type":"article","og_title":"Safety4Me - Ouvir pacientes para transformar o cuidado","og_description":"Voc\u00ea sabe o que \u00e9 Seguran\u00e7a do Paciente? Segundo a Organiza\u00e7\u00e3o Mundial da Sa\u00fade, seguran\u00e7a do paciente \u00e9 a \u201credu\u00e7\u00e3o de riscos de danos desnecess\u00e1rios, associados a assist\u00eancia em sa\u00fade at\u00e9 um m\u00ednimo aceit\u00e1vel\u201d. Seguran\u00e7a do paciente refere-se \u00e0 preven\u00e7\u00e3o de erros, les\u00f5es e danos aos pacientes durante a presta\u00e7\u00e3o de servi\u00e7os de sa\u00fade. Isso [&hellip;]","og_url":"https:\/\/safety4me.com\/us\/voce-sabe-o-que-e-seguranca-do-paciente\/","og_site_name":"Safety4Me","article_modified_time":"2023-04-06T12:19:36+00:00","og_image":[{"width":1600,"height":340,"url":"https:\/\/safety4me.com\/wp-content\/uploads\/2021\/12\/Mortes-por-ano-na-instituicoes-de-saude.jpg","type":"image\/jpeg"}],"twitter_card":"summary_large_image","twitter_misc":{"Est. reading time":"2 minutes"},"schema":{"@context":"https:\/\/schema.org","@graph":[{"@type":"WebPage","@id":"https:\/\/safety4me.com\/voce-sabe-o-que-e-seguranca-do-paciente\/","url":"https:\/\/safety4me.com\/voce-sabe-o-que-e-seguranca-do-paciente\/","name":"Safety4Me - Ouvir pacientes para transformar o cuidado","isPartOf":{"@id":"https:\/\/safety4me.com\/en\/#website"},"primaryImageOfPage":{"@id":"https:\/\/safety4me.com\/voce-sabe-o-que-e-seguranca-do-paciente\/#primaryimage"},"image":{"@id":"https:\/\/safety4me.com\/voce-sabe-o-que-e-seguranca-do-paciente\/#primaryimage"},"thumbnailUrl":"https:\/\/safety4me.com\/wp-content\/uploads\/2020\/08\/Favicon.png","datePublished":"2023-04-06T12:12:18+00:00","dateModified":"2023-04-06T12:19:36+00:00","breadcrumb":{"@id":"https:\/\/safety4me.com\/voce-sabe-o-que-e-seguranca-do-paciente\/#breadcrumb"},"inLanguage":"en-US","potentialAction":[{"@type":"ReadAction","target":["https:\/\/safety4me.com\/voce-sabe-o-que-e-seguranca-do-paciente\/"]}]},{"@type":"ImageObject","inLanguage":"en-US","@id":"https:\/\/safety4me.com\/voce-sabe-o-que-e-seguranca-do-paciente\/#primaryimage","url":"https:\/\/safety4me.com\/wp-content\/uploads\/2020\/08\/Favicon.png","contentUrl":"https:\/\/safety4me.com\/wp-content\/uploads\/2020\/08\/Favicon.png","width":512,"height":512},{"@type":"BreadcrumbList","@id":"https:\/\/safety4me.com\/voce-sabe-o-que-e-seguranca-do-paciente\/#breadcrumb","itemListElement":[{"@type":"ListItem","position":1,"name":"Home","item":"https:\/\/safety4me.com\/"},{"@type":"ListItem","position":2,"name":"Voc\u00ea sabe o que \u00e9 Seguran\u00e7a do Paciente?"}]},{"@type":"WebSite","@id":"https:\/\/safety4me.com\/en\/#website","url":"https:\/\/safety4me.com\/en\/","name":"Safety4Me","description":"Ouvir pacientes para transformar o cuidado","publisher":{"@id":"https:\/\/safety4me.com\/en\/#organization"},"potentialAction":[{"@type":"SearchAction","target":{"@type":"EntryPoint","urlTemplate":"https:\/\/safety4me.com\/en\/?s={search_term_string}"},"query-input":{"@type":"PropertyValueSpecification","valueRequired":true,"valueName":"search_term_string"}}],"inLanguage":"en-US"},{"@type":"Organization","@id":"https:\/\/safety4me.com\/en\/#organization","name":"Safety4Me","url":"https:\/\/safety4me.com\/en\/","logo":{"@type":"ImageObject","inLanguage":"en-US","@id":"https:\/\/safety4me.com\/en\/#\/schema\/logo\/image\/","url":"https:\/\/safety4me.com\/wp-content\/uploads\/2021\/12\/Untitled-2.svg","contentUrl":"https:\/\/safety4me.com\/wp-content\/uploads\/2021\/12\/Untitled-2.svg","width":1298,"height":235,"caption":"Safety4Me"},"image":{"@id":"https:\/\/safety4me.com\/en\/#\/schema\/logo\/image\/"},"sameAs":["https:\/\/www.instagram.com\/safety4me\/?hl=en","https:\/\/www.linkedin.com\/company\/safety4me?originalSubdomain=br"]}]}},"_links":{"self":[{"href":"https:\/\/safety4me.com\/us\/wp-json\/wp\/v2\/pages\/2717","targetHints":{"allow":["GET"]}}],"collection":[{"href":"https:\/\/safety4me.com\/us\/wp-json\/wp\/v2\/pages"}],"about":[{"href":"https:\/\/safety4me.com\/us\/wp-json\/wp\/v2\/types\/page"}],"author":[{"embeddable":true,"href":"https:\/\/safety4me.com\/us\/wp-json\/wp\/v2\/users\/3"}],"replies":[{"embeddable":true,"href":"https:\/\/safety4me.com\/us\/wp-json\/wp\/v2\/comments?post=2717"}],"version-history":[{"count":7,"href":"https:\/\/safety4me.com\/us\/wp-json\/wp\/v2\/pages\/2717\/revisions"}],"predecessor-version":[{"id":2735,"href":"https:\/\/safety4me.com\/us\/wp-json\/wp\/v2\/pages\/2717\/revisions\/2735"}],"wp:featuredmedia":[{"embeddable":true,"href":"https:\/\/safety4me.com\/us\/wp-json\/wp\/v2\/media\/488"}],"wp:attachment":[{"href":"https:\/\/safety4me.com\/us\/wp-json\/wp\/v2\/media?parent=2717"}],"curies":[{"name":"wp","href":"https:\/\/api.w.org\/{rel}","templated":true}]}}